{"id":8183,"date":"2026-01-08T16:09:50","date_gmt":"2026-01-08T16:09:50","guid":{"rendered":"https:\/\/indiejunior.com\/?page_id=8183"},"modified":"2026-01-26T12:43:38","modified_gmt":"2026-01-26T12:43:38","slug":"acessibilidade","status":"publish","type":"page","link":"https:\/\/indiejunior.com\/en\/acessibilidade\/","title":{"rendered":"ACCESSIBILITY"},"content":{"rendered":"<p>IndieJ\u00fanior has been taking steps to make the festival more accessible, comfortable, and welcoming for everyone.<\/p>\n<p>On this page, you will find information about accessibility at the festival, from how to get to the venues to accessibility conditions for people with reduced mobility, blind or visually impaired people, deaf or hard of hearing people, neurodivergent people, or people with other specific needs.<\/p>\n<p>Not all venues hosting the festival guarantee the same accessibility conditions. For this reason, below you will find detailed information about the sessions and each of the venues, so that you can make a more informed decision about how to participate in the festival.<\/p>\n<h2>Tickets and Discounts<\/h2>\n<p><strong>BATALHA CINEMA CENTER<\/strong><\/p>\n<p>Tickets cost \u20ac3.75 for people with disabilities, neurodivergent people, deaf and hard of hearing people, and blind and visually impaired people.<br \/>\n50% discount on tickets for students, people over 65, and unemployed people.<br \/>\nPorto Card: 50% discount<br \/>\nTripass: 25% discount Free ticket for companions of people with disabilities, deaf or hard of hearing people, blind or visually impaired people, or neurodivergent people, available at the ticket office.<\/p>\n<h2>Screenings with descriptive subtitles and Portuguese Sign Language (LGP)<\/h2>\n<h4>Olivia e o Terramoto Invis\u00edvel +6 | 70\u2019 [LGP]<\/h4>\n<p>Irene Iborra Rizo Belgium, Chile, France, Spain, Switzerland, Animation, 2025<\/p>\n<p>31 SAT, 2:45 p.m., BATALHA (Room 1)<\/p>\n<p>&nbsp;<\/p>\n<p><iframe loading=\"lazy\" title=\"Acessibilidade no IndieJ\u00fanior Porto 2026\" width=\"540\" height=\"960\" src=\"https:\/\/www.youtube.com\/embed\/-JJTMjxtvvs?feature=oembed\" frameborder=\"0\" allow=\"accelerometer; autoplay; clipboard-write; encrypted-media; gyroscope; picture-in-picture; web-share\" referrerpolicy=\"strict-origin-when-cross-origin\" allowfullscreen><\/iframe><\/p>\n<p>&nbsp;<\/p>\n<h2>Screenings with descriptive subtitles<\/h2>\n<p><strong>School screenings<\/strong> (tickets available on the day, subject to availability, or advance booking via email <a href=\"mailto:festival@indiejunior.com\">festival@indiejunior.com<\/a> | ticket price: \u20ac1.50)<\/p>\n<h4>Short films \u2013 2nd Cycle | 49\u2019<\/h4>\n<p>26 MON, 2:00 p.m., 3:30 p.m., BATALHA (Room 1)<br \/>\n27 TUE, 3:30 p.m., BATALHA (Room 1)<br \/>\n28 WED, 12:00 p.m., 2:30 p.m., BATALHA (Room 1) | 3:30 p.m., BMAG<br \/>\n29 THU, 3:30 p.m., BMAG<br \/>\n2 MON, 2:00 p.m., PERP\u00c9TUO STUDIO ROOM<\/p>\n<h4>Short Films \u2013 3rd Cycle | 52\u2019<\/h4>\n<p>26 MON, 2:30 p.m., BATALHA (Room 2) | 3:30 p.m., BMAG<br \/>\n27 TUE, 2:30 p.m., PERP\u00c9TUO STUDIO ROOM | 3:30 p.m., BMAG<br \/>\n28 WED, 2:00 p.m., BATALHA (Room 2)<br \/>\n29 THURSDAY, 3:15 PM, BATALHA (Room 2)<br \/>\n30 FRIDAY, 3:30 PM, BMAG<\/p>\n<h4>Short Films \u2013 Secondary | 47\u2019<\/h4>\n<p>26 MONDAY, 12:00 PM, BATALHA (Room 1) | 4:00 PM, BATALHA (Room 2)<br \/>\n28 WED, 12:15 p.m., BATALHA (Room 2) | 3:15 p.m., BATALHA (Room 2)<br \/>\n29 THU, 2:30 p.m., BATALHA (Room 1)<br \/>\n30 FRI, 2:30 p.m., BATALHA (Room 2) | 3:15 p.m., BATALHA (Room 1)<br \/>\n2 MON, 3:30 p.m., PERP\u00c9TUO STUDIO ROOM<\/p>\n<h2>Screenings for general audiences Curtas no Feminino +10 | 90 min.<\/h2>\n<p>31 SAT, 2:30 p.m., BATALHA (Room 2) Films with Portuguese subtitles.<\/p>\n<h2>Films with descriptive subtitles in short film sessions<\/h2>\n<h4>Short Films \u2013 1st Cycle | 49 min<\/h4>\n<p>This session includes a film with descriptive subtitles: <strong>\u201cLulina e a Lua\u201d<\/strong><br \/>\n26 MON, 10:00, 11:10, BMAG | 10:00, 11:15, BATALHA (Room 2)<br \/>\n27 Tue, 10:00 a.m., 2:30 p.m., BATALHA (Room 2) | 11:10 a.m., BMAG | 2:00 p.m., BATALHA (Room 1)<br \/>\n28 WED, 10:30 a.m., BATALHA (Room 1) | 11:10 a.m., 2:00 p.m., BMAG<br \/>\n29 THU, 10:00 a.m., 11:15 a.m., BATALHA (Room 2) | 2:00 p.m., BMAG<br \/>\n30 FRI, 10:30 a.m., BATALHA (Room 1) | 2:00 p.m., BMAG 2 MON, 11:15 a.m., PERP\u00c9TUO STUDIO ROOM<\/p>\n<h4>Short Films +8 | 48 min<\/h4>\n<p>This session includes a film with descriptive subtitles: <strong>\u201cThe Emancipation of Mimi\u201d<\/strong><br \/>\n31 SAT, 11:15 a.m., BATALHA (Room 2) 01 SUN, 12:00 p.m., BATALHA (Room 2)<\/p>\n<h4>Short films +10 | 52 min<\/h4>\n<p>This session includes two films with descriptive subtitles: <strong>\u201cAnanasimos\u201d<\/strong> and <strong>\u201cC\u00e3o Sozinho\u201d<\/strong><br \/>\n31 SAT, 12:30 p.m., BATALHA (Room 2)<br \/>\n1 SUN, 3:00 p.m., BATALHA (Room 2)<\/p>\n<h2>Sessions with films subtitled in Portuguese (when the film has dialogue)<\/h2>\n<h4>My First Film +12 | 110 min<\/h4>\n<p><strong><em>Grease<\/em><\/strong> Randal Kleiser United States, Fiction, 1978<\/p>\n<p>31 SAT, 5:45 p.m., BATALHA (Room 1)<\/p>\n<h3>Short Films +8 | 48 min.<\/h3>\n<p>31 SAT, 11:15 a.m., BATALHA (Room 2)<br \/>\n01 SUN, 12:00 p.m., BATALHA (Room 2)<\/p>\n<h2>List of films with descriptive subtitles at the festival<\/h2>\n<p><em><strong>Rui Carlos<\/strong><\/em><br \/>\nMargarida Paias | Fiction | Portugal | 2025 | 16\u2019<\/p>\n<p><em><strong>Polliwog<\/strong><\/em><br \/>\nJulia Skala | Animation | Germany | 2024 | 9\u2019<\/p>\n<p><strong><em><span class=\"notion-enable-hover\" data-token-index=\"0\">Eloise\u2019s Summer<\/span><\/em><\/strong><!-- notionvc: e162adeb-7b28-4eb0-a3c6-14088d7c7d04 --><br \/>\nLize Cuveele | Documentary | Belgium | 2025 | 16\u2019<\/p>\n<p><strong><em>Sheep<\/em><\/strong><br \/>\nHadi Babaeifar | Fiction | Iran | 2025 | 13\u2019<\/p>\n<p><em><strong>Ananasi<\/strong><\/em><br \/>\nAnna Bawa | Animation | Russia | 2025 | 4\u2019<\/p>\n<p><em><strong>Hannah &amp; The Crocodile<\/strong><\/em><br \/>\nLore Mechelaere | Animation\/Documentary | Belgium | 2024 | 16\u2019<\/p>\n<p><em><strong>C\u00e3o Sozinho<\/strong><\/em><br \/>\nMarta Reis Andrade | Animation | Portugal | 2025 | 13\u2019<\/p>\n<p><em><strong><span class=\"notion-enable-hover\" data-token-index=\"0\">The Emancipation of Mimi<\/span><\/strong><\/em><!-- notionvc: 815e7584-ad61-443c-9fa5-f370353e9570 --><br \/>\nMarcelo Pereira | Fiction | Portugal | 2025 | 13\u2019<\/p>\n<p><strong><em>Weeds<\/em><\/strong><br \/>\nPola Kazak | Animation | Czech Republic | 2024 | 14\u2019<\/p>\n<p><em><strong>No Rush<\/strong><\/em><br \/>\nKate\u0159ina Havl\u00ed\u010dkov\u00e1 | Animation | Czech Republic | 2024 | 3\u2019<\/p>\n<p><em><strong>Lina<\/strong><\/em><br \/>\nMargarida Madeira | Animation | Portugal | 2025 | 8\u2019<\/p>\n<p><em><strong>It Will Be Fine<\/strong><\/em><br \/>\nKarol\u00edna Pravdov\u00e1 | Animation | Czech Republic | 2024 | 7\u2019<\/p>\n<p><em><strong>Round 3<\/strong><\/em><br \/>\nLiesbeth De Mey | Documentary | Belgium | 2024 | 16 min.<\/p>\n<p><em><strong>Hairy Legs<\/strong><\/em><br \/>\nAndrea Dorfman | Animation | Canada | 2024 | 17 min.<\/p>\n<h2>Accessibility at festival locations<\/h2>\n<p><strong>BATALHA CINEMA CENTER<\/strong><\/p>\n<p>Pra\u00e7a da Batalha, 47<br \/>\nTrindade Metro Station (Lines A, B, C, D, E, F) &#8211; Bolh\u00e3o Stop (7 minutes on foot)<br \/>\nAliados Metro Station (Line D) &#8211; S\u00e3o Bento Stop (5 minutes&#8217; walk)<br \/>\nBuses 207, 303, 400, 901, 904, 905, 906 &#8211; Batalha stop<br \/>\nTrain S\u00e3o Bento Station (5 minutes&#8217; walk)<br \/>\nSeating: Room 1 &#8211; 297 \/ Room 2 &#8211; 112<\/p>\n<p><strong>Ticket office hours<\/strong>*: Wednesday to Saturday: 11:00 a.m.\u201310:00 p.m. | Tuesday and Sunday: 11:00 a.m.\u20138:00 p.m. *Outside the hours listed above, the ticket office opens 45 minutes before the first screening of the day. Online ticket office available at <a href=\"http:\/\/batalhacentrocinema.bol.pt\/\" target=\"_blank\" rel=\"noopener\">batalhacentrocinema.bol.pt\/<\/a><\/p>\n<p><strong>ALMEIDA GARRETT MUNICIPAL LIBRARY<\/strong><\/p>\n<p>Rua de D. Manuel II \u2013 Jardins do Pal\u00e1cio de Cristal<br \/>\nBuses 200, 201, 207, 208, 302, 303, 501, 507, 601, 12M, 13M &#8211; Pal\u00e1cio stop<br \/>\nSeating 186 seats + 4 for reduced mobility (in the front row)<\/p>\n<p><strong>COLISEU PORTO AGEAS<\/strong><\/p>\n<p>Rua de Passo Manuel, 137<br \/>\nTrindade Metro Station (Lines A, B, C, D, E, F) &#8211; Bolh\u00e3o Stop (7 minutes&#8217; walk)<br \/>\nAliados Metro Station (Line D) &#8211; S\u00e3o Bento Stop (5 minutes&#8217; walk)<br \/>\nBuses 200, 207, 302 Seats 15<\/p>\n<p><strong>Ticket office hours<\/strong>*: Monday to Saturday: 1:00 p.m.\u20138:30 p.m.<br \/>\n*Outside the hours described above, the ticket office opens 1 hour before the first session of the day. Online ticket office available at <a href=\"http:\/\/coliseuporto.bol.pt\/\" target=\"_blank\" rel=\"noopener\">coliseuporto.bol.pt\/<\/a><\/p>\n<p><strong>CASA COMUM &#8211; UNIVERSITY OF PORTO RECTORATE<\/strong><\/p>\n<p>Pra\u00e7a Gomes Teixeira<br \/>\nBuses 200, 201, 207, 208, 300, 302, 305, 501, 507, 601, 602, 703, 900<\/p>\n<p><strong>BIODIVERSITY GALLERY &#8211; CENTRO CI\u00caNCIA VIVA<\/strong><\/p>\n<p>Rua do Campo Alegre, 1191<br \/>\nBuses 200, 204, 207, 209, 504<\/p>\n<p><strong>PORTO PLANETARIUM &#8211; CENTRO CI\u00caNCIA VIVA<\/strong><\/p>\n<p>Rua das Estrelas<br \/>\nBuses 200, 204, 207, 209, 1M<\/p>\n<p>Ticket office hours:<br \/>\nMonday to Friday: 9:30 a.m. to 12:00 p.m. and 1:30 p.m. to 5:00 p.m. | Saturdays and holidays: 2:00 p.m. to 5:00 p.m.<br \/>\nOnline ticket office available at <a href=\"http:\/\/planetariodoporto.bol.pt\/\" target=\"_blank\" rel=\"noopener\">planetariodoporto.bol.pt\/<\/a><\/p>\n<p><strong>PERP\u00c9TUO STUDIO ROOM<\/strong><\/p>\n<p>Rua de Costa Cabral, 128<br \/>\nMetro (Line D) Marqu\u00eas Station<br \/>\nBuses 702, 703, and 704<\/p>\n<p><!-- notionvc: a5b22e24-d4fa-4e9a-9656-3d3a9c60ae53 --><\/p>","protected":false},"excerpt":{"rendered":"<p>IndieJ\u00fanior has been taking steps to make the festival more accessible, comfortable, and welcoming for everyone. On this page, you will find information about accessibility at the festival, from how [&hellip;]<\/p>\n","protected":false},"author":1,"featured_media":0,"parent":0,"menu_order":0,"comment_status":"closed","ping_status":"closed","template":"","meta":{"_acf_changed":false,"footnotes":""},"class_list":["post-8183","page","type-page","status-publish","hentry"],"acf":[],"_links":{"self":[{"href":"https:\/\/indiejunior.com\/en\/wp-json\/wp\/v2\/pages\/8183","targetHints":{"allow":["GET"]}}],"collection":[{"href":"https:\/\/indiejunior.com\/en\/wp-json\/wp\/v2\/pages"}],"about":[{"href":"https:\/\/indiejunior.com\/en\/wp-json\/wp\/v2\/types\/page"}],"author":[{"embeddable":true,"href":"https:\/\/indiejunior.com\/en\/wp-json\/wp\/v2\/users\/1"}],"replies":[{"embeddable":true,"href":"https:\/\/indiejunior.com\/en\/wp-json\/wp\/v2\/comments?post=8183"}],"version-history":[{"count":56,"href":"https:\/\/indiejunior.com\/en\/wp-json\/wp\/v2\/pages\/8183\/revisions"}],"predecessor-version":[{"id":8810,"href":"https:\/\/indiejunior.com\/en\/wp-json\/wp\/v2\/pages\/8183\/revisions\/8810"}],"wp:attachment":[{"href":"https:\/\/indiejunior.com\/en\/wp-json\/wp\/v2\/media?parent=8183"}],"curies":[{"name":"wp","href":"https:\/\/api.w.org\/{rel}","templated":true}]}}