{"id":8612,"date":"2026-01-14T17:56:40","date_gmt":"2026-01-14T17:56:40","guid":{"rendered":"https:\/\/indiejunior.com\/?page_id=8612"},"modified":"2026-01-14T18:13:06","modified_gmt":"2026-01-14T18:13:06","slug":"actividades-par","status":"publish","type":"page","link":"https:\/\/indiejunior.com\/en\/indiejunior\/2026\/actividades-paralelas\/","title":{"rendered":"Parallel Activities"},"content":{"rendered":"<p>In addition to the film programme, IndieJ\u00fanior Porto organises a series of parallel activities for children of all ages, including training for adults and workshops for parents and children.<\/p>\n<p>As usual, the IndieJ\u00fanior party ends on <strong>1 February at Bar Batalha with the Matin\u00e9 Dan\u00e7ante<\/strong>. From 5 pm, DJ Miss Playmobil will guide us onto the dance floor! There will be cake!<\/p>\n<p>More about the activities here:<\/p>\n<p><a href=\"https:\/\/indiejunior.com\/actividadesparalelas\/biblioteca-loja-indiejunior\/\" target=\"_blank\" rel=\"noopener\">Biblioteca &amp; Loja IndieJ\u00fanior<\/a><\/p>\n<p><a href=\"https:\/\/indiejunior.com\/en\/actividadesparalelas\/formacao-cinema-para-a-infancia-educadores-e-professores\/\" target=\"_blank\" rel=\"noopener\">Forma\u00e7\u00e3o Cinema para a Inf\u00e2ncia <\/a>\u00a0(para profissionais da educa\u00e7\u00e3o)<\/p>\n<p><a href=\"https:\/\/indiejunior.com\/en\/actividadesparalelas\/filme-debate-e-em-vez-do-medo-a-alegria-10\/\" target=\"_blank\" rel=\"noopener\">Filme Debate \u2013 E em vez do medo? A Alegria!<\/a> (+10)<\/p>\n<p><a href=\"https:\/\/indiejunior.com\/en\/actividadesparalelas\/oficinas-para-familias-e-escolas-pequenas-vozes-grandes-mudancas\/\" target=\"_blank\" rel=\"noopener\">Pequenas Vozes, Grandes Mudan\u00e7as<\/a> (1\u00ba e 2\u00ba Ciclos, actividade para fam\u00edlias e escolas)<\/p>\n<p><a href=\"https:\/\/indiejunior.com\/actividadesparalelas\/sabores-da-diversidade\/\" target=\"_blank\" rel=\"noopener\">Sabores da Diversidade<\/a> (+5)<\/p>\n<p><a href=\"https:\/\/indiejunior.com\/actividadesparalelas\/navegar-com-os-irmaos\/\" target=\"_blank\" rel=\"noopener\">Navegar com os irm\u00e3os!<\/a> (+3)<\/p>\n<p><a href=\"https:\/\/indiejunior.com\/en\/actividadesparalelas\/galaxia-comestivel\/\" target=\"_blank\" rel=\"noopener\">Gal\u00e1xia Comest\u00edvel<\/a> (+3)<\/p>\n<p><a title=\"A Magia da Anima\u00e7\u00e3o\" href=\"https:\/\/indiejunior.com\/en\/actividadesparalelas\/oficina-a-magia-da-animacao\/\" target=\"_blank\" rel=\"noopener\">A Magia da Anima\u00e7\u00e3o<\/a> (+6)<\/p>\n<p><a href=\"https:\/\/indiejunior.com\/en\/actividadesparalelas\/oficina-de-recortes-it-s-a-book\/\" target=\"_blank\" rel=\"noopener\">Oficina de Recortes | It&#8217;s a Book<\/a> (+6)<\/p>","protected":false},"excerpt":{"rendered":"<p>In addition to the film programme, IndieJ\u00fanior Porto organises a series of parallel activities for children of all ages, including training for adults and workshops for parents and children. As [&hellip;]<\/p>\n","protected":false},"author":1,"featured_media":0,"parent":6915,"menu_order":0,"comment_status":"closed","ping_status":"closed","template":"","meta":{"_acf_changed":false,"footnotes":""},"class_list":["post-8612","page","type-page","status-publish","hentry"],"acf":[],"_links":{"self":[{"href":"https:\/\/indiejunior.com\/en\/wp-json\/wp\/v2\/pages\/8612","targetHints":{"allow":["GET"]}}],"collection":[{"href":"https:\/\/indiejunior.com\/en\/wp-json\/wp\/v2\/pages"}],"about":[{"href":"https:\/\/indiejunior.com\/en\/wp-json\/wp\/v2\/types\/page"}],"author":[{"embeddable":true,"href":"https:\/\/indiejunior.com\/en\/wp-json\/wp\/v2\/users\/1"}],"replies":[{"embeddable":true,"href":"https:\/\/indiejunior.com\/en\/wp-json\/wp\/v2\/comments?post=8612"}],"version-history":[{"count":3,"href":"https:\/\/indiejunior.com\/en\/wp-json\/wp\/v2\/pages\/8612\/revisions"}],"predecessor-version":[{"id":8626,"href":"https:\/\/indiejunior.com\/en\/wp-json\/wp\/v2\/pages\/8612\/revisions\/8626"}],"up":[{"embeddable":true,"href":"https:\/\/indiejunior.com\/en\/wp-json\/wp\/v2\/pages\/6915"}],"wp:attachment":[{"href":"https:\/\/indiejunior.com\/en\/wp-json\/wp\/v2\/media?parent=8612"}],"curies":[{"name":"wp","href":"https:\/\/api.w.org\/{rel}","templated":true}]}}